{"id":74,"date":"2014-03-01T15:18:26","date_gmt":"2014-03-01T15:18:26","guid":{"rendered":"https:\/\/www.antoniabrown.ch\/DE\/?page_id=74"},"modified":"2023-10-26T17:04:48","modified_gmt":"2023-10-26T17:04:48","slug":"impressum","status":"publish","type":"page","link":"https:\/\/www.antoniabrown.ch\/DE\/impressum\/","title":{"rendered":"IMPRESSUM"},"content":{"rendered":"\n<style type=\"text\/css\" data-created_by=\"avia_inline_auto\" id=\"style-css-av-qwqa-5bae07b114375785a79d79d5210bfc4e\">\n#top .av-special-heading.av-qwqa-5bae07b114375785a79d79d5210bfc4e{\npadding-bottom:10px;\n}\nbody .av-special-heading.av-qwqa-5bae07b114375785a79d79d5210bfc4e .av-special-heading-tag .heading-char{\nfont-size:25px;\n}\n.av-special-heading.av-qwqa-5bae07b114375785a79d79d5210bfc4e .av-subheading{\nfont-size:15px;\n}\n<\/style>\n<div  class='av-special-heading av-qwqa-5bae07b114375785a79d79d5210bfc4e av-special-heading-h1 blockquote modern-quote  avia-builder-el-0  el_before_av_textblock  avia-builder-el-first '><h1 class='av-special-heading-tag '  itemprop=\"headline\"  >Impressum<\/h1><div class=\"special-heading-border\"><div class=\"special-heading-inner-border\"><\/div><\/div><\/div>\n<section  class='av_textblock_section av-1clqy-b1cd043b6586d3871c39e33c36b90b57 '   itemscope=\"itemscope\" itemtype=\"https:\/\/schema.org\/CreativeWork\" ><div class='avia_textblock'  itemprop=\"text\" ><p><strong>Ich bedanke mich bei folgenden Personen und Institutionen:<\/strong><br \/>\nHans-Peter Ulli f\u00fcr die guten Ideen und die Unterst\u00fctzung.<br \/>\nDaniela Costa f\u00fcr die Unterst\u00fctzung bei der italienischen \u00dcbersetzung.<br \/>\nSuzan Harrison f\u00fcr die Unterst\u00fctzung bei der englischen \u00dcbersetzung.<br \/>\nDem Heimatkundemuseum Stein AR f\u00fcr die Erlaubnis, die Fotos, die ich gemacht habe, zu verwenden.<\/p>\n<div class=\"dynpg_AA_row_HeadtextA\"><strong>Fotografien<\/strong><\/div>\n<div class=\"dynpg_AA_row_DescriptionA\">Antonia Brown Ulli, CH-9063 Stein AR<\/div>\n<p><strong>Copyright und Verantwortlich f\u00fcr die Inhalte dieser Website<br \/>\n<\/strong>Antonia Brown Ulli, CH-9063 Stein AR<\/p>\n<p><strong>Webdesign &amp; Programmierung<\/strong><br \/>\n<a href=\"http:\/\/www.kontrastreich.ch\" target=\"_blank\" rel=\"noopener\">www.kontrastreich.ch<\/a><\/p>\n<\/div><\/section>\n\n<style type=\"text\/css\" data-created_by=\"avia_inline_auto\" id=\"style-css-av-uxva-d4d6152d8fcf926189de9164345b1c7a\">\n#top .hr.hr-invisible.av-uxva-d4d6152d8fcf926189de9164345b1c7a{\nheight:500px;\n}\n<\/style>\n<div  class='hr av-uxva-d4d6152d8fcf926189de9164345b1c7a hr-invisible  avia-builder-el-2  el_after_av_textblock  avia-builder-el-last '><span class='hr-inner '><span class=\"hr-inner-style\"><\/span><\/span><\/div>\n","protected":false},"excerpt":{"rendered":"","protected":false},"author":6,"featured_media":0,"parent":0,"menu_order":6,"comment_status":"closed","ping_status":"closed","template":"","meta":{"footnotes":""},"class_list":["post-74","page","type-page","status-publish","hentry"],"aioseo_notices":[],"_links":{"self":[{"href":"https:\/\/www.antoniabrown.ch\/DE\/wp-json\/wp\/v2\/pages\/74","targetHints":{"allow":["GET"]}}],"collection":[{"href":"https:\/\/www.antoniabrown.ch\/DE\/wp-json\/wp\/v2\/pages"}],"about":[{"href":"https:\/\/www.antoniabrown.ch\/DE\/wp-json\/wp\/v2\/types\/page"}],"author":[{"embeddable":true,"href":"https:\/\/www.antoniabrown.ch\/DE\/wp-json\/wp\/v2\/users\/6"}],"replies":[{"embeddable":true,"href":"https:\/\/www.antoniabrown.ch\/DE\/wp-json\/wp\/v2\/comments?post=74"}],"version-history":[{"count":21,"href":"https:\/\/www.antoniabrown.ch\/DE\/wp-json\/wp\/v2\/pages\/74\/revisions"}],"predecessor-version":[{"id":1163,"href":"https:\/\/www.antoniabrown.ch\/DE\/wp-json\/wp\/v2\/pages\/74\/revisions\/1163"}],"wp:attachment":[{"href":"https:\/\/www.antoniabrown.ch\/DE\/wp-json\/wp\/v2\/media?parent=74"}],"curies":[{"name":"wp","href":"https:\/\/api.w.org\/{rel}","templated":true}]}}