{"id":1030,"date":"2019-08-04T15:09:21","date_gmt":"2019-08-04T15:09:21","guid":{"rendered":"https:\/\/www.antoniabrown.ch\/DE\/?page_id=1030"},"modified":"2023-10-26T17:05:04","modified_gmt":"2023-10-26T17:05:04","slug":"datenschutz","status":"publish","type":"page","link":"https:\/\/www.antoniabrown.ch\/DE\/datenschutz\/","title":{"rendered":"DATENSCHUTZ"},"content":{"rendered":"\n<style type=\"text\/css\" data-created_by=\"avia_inline_auto\" id=\"style-css-av-1tyume-4de0e88a5abdefdc7bfc0fc6ebf02daa\">\n#top .av-special-heading.av-1tyume-4de0e88a5abdefdc7bfc0fc6ebf02daa{\npadding-bottom:10px;\n}\nbody .av-special-heading.av-1tyume-4de0e88a5abdefdc7bfc0fc6ebf02daa .av-special-heading-tag .heading-char{\nfont-size:25px;\n}\n.av-special-heading.av-1tyume-4de0e88a5abdefdc7bfc0fc6ebf02daa .av-subheading{\nfont-size:15px;\n}\n<\/style>\n<div  class='av-special-heading av-1tyume-4de0e88a5abdefdc7bfc0fc6ebf02daa av-special-heading-h1 blockquote modern-quote  avia-builder-el-0  el_before_av_textblock  avia-builder-el-first  av-linked-heading'><h1 class='av-special-heading-tag '  itemprop=\"headline\"  >Datenschutz<\/h1><div class=\"special-heading-border\"><div class=\"special-heading-inner-border\"><\/div><\/div><\/div>\n<section  class='av_textblock_section av-1clqy-b1cd043b6586d3871c39e33c36b90b57 '   itemscope=\"itemscope\" itemtype=\"https:\/\/schema.org\/CreativeWork\" ><div class='avia_textblock'  itemprop=\"text\" ><p>Die Adresse dieser Website ist: https:\/\/www.antoniabrown.ch<\/p>\n<p><strong>Verantwortlich <\/strong><br \/>\nAntonia Brown<br \/>\nUnter der Grub 520<br \/>\nCH-9063 Stein AR<br \/>\nTel <a href=\"tel:+41712235902\">+41 71 223 59 02<\/a><br \/>\nMob <a href=\"tel:+41797921239\">+41 79 792 12 39<\/a><br \/>\nE-Mail <a href=\"mailto:info@antoniabrown.ch\">info[at]antoniabrown[dot]ch<\/a><\/p>\n<div class=\"avia_textblock \">\n<h2>Grunds\u00e4tzliches<\/h2>\n<p>Personendaten im Sinne dieser Datenschutzbestimmungen sind alle Informationen, die sich auf eine bestimmte oder bestimmbare nat\u00fcrliche Person beziehen. S\u00e4mtliche Weiterbearbeitungen, Verwendungen, Auswertungen, Erfassen oder Speichern dieser Daten gilt als Bearbeitung. In der vorliegenden Datenschutzerkl\u00e4rung wird erl\u00e4utert, welche, weshalb und wie mit den gesammelten Daten umgegangen wird. Wir k\u00f6nnen Personendaten durch Dritte bearbeiten lassen, wenn es sich um spezialisierte Anbieter handelt. Die entsprechenden Datenschutzerkl\u00e4rungen liegen in diesem Dokument vor. Diese Datenschutzerkl\u00e4rung zeigt auch Ihre Rechte auf, die Sie an diesen Daten haben.<\/p>\n<h2>Datensicherheit<\/h2>\n<p>Diese Website wird per Hypertext Transfer Protocol Secure (https:) zur Verf\u00fcgung gestellt. E-Mails sind per SSL verschl\u00fcsselt. Technisch gesammelte Personendaten beim Aufruf dieser Website werden ausschliesslich auf Servern in der Schweiz gesichert: Diese Website ist gehostet bei cyon.ch. Daten, die bei einem Besuch der Website von diesen Servern in der Schweiz automatisch gespeichert werden, werden von cyon.ch in keinster Weise weiterverarbeitet. Ein Auftragsverarbeitungsvertrag (AVV) liegt vor und kann hier eingesehen werden: <a href=\"https:\/\/www.cyon.ch\/legal\/avv\">https:\/\/www.cyon.ch\/legal\/avv<\/a>. Diese Website ist erstellt mit WordPress. Standardm\u00e4ssig teilt WordPress keinerlei personenbezogene Daten mit Dritten.<\/p>\n<h2>Was wird gesammelt und weshalb<\/h2>\n<h3>Statistische, technische Informationen<\/h3>\n<p>Wenn Sie auf unsere Webseite zugreifen, werden automatisch technische Informationen erfasst. Die Informationen werden beim Hoster (cyon.ch) auf deren Server in der Schweiz erfasst und gespeichert. Diese Daten werden weder vom Hoster noch von uns weiterverarbeitet. Die Sammlung dieser Daten dient zur Datensicherheit und um diese Website dauerhaft nutzerfreundlich bereitstellen zu k\u00f6nnen. Ihre Daten k\u00f6nnen lediglich statistisch ausgewertet werden. R\u00fcckschl\u00fcsse auf Ihre Person werden damit nicht gemacht. Mehr dazu: <a href=\"https:\/\/awstats.sourceforge.io\/docs\/awstats_what.html\" target=\"_blank\" rel=\"noopener\">Was ist AWStats\u00a0\/ \u00dcbersicht \u00fcber die Funktionen<\/a>.<\/p>\n<h3>Eingebettete Inhalte von anderen Websites<\/h3>\n<p>Beitr\u00e4ge auf dieser Website k\u00f6nnen eingebettete Inhalte beinhalten (z. B. Videos, Bilder, Beitr\u00e4ge etc.). Eingebettete Inhalte von anderen Websites verhalten sich exakt so, als ob Sie eine andere Website besucht h\u00e4tten. Diese Websites k\u00f6nnen Daten \u00fcber Sie sammeln, Cookies benutzen, zus\u00e4tzliche Tracking-Dienste von Dritten einbetten und Ihre Interaktion mit diesem eingebetteten Inhalt aufzeichnen, inklusive Ihrer Interaktion mit dem eingebetteten Inhalt, falls Sie ein Konto haben und auf dieser Website angemeldet sind. Wir erhalten keinerlei Informationen, welche personenbezogenen Daten \u00fcbermittelt werden, und wertet diese selbst auch nicht aus.<\/p>\n<h3>Cookies<\/h3>\n<p>Cookies werden von Ihrem Browser gespeichert. Es gibt notwendige Cookies, die den fehlerfreien Betrieb der Website erm\u00f6glichen. Man nennt diese auch Session-Cookies, welche nach Schliessung des Browsers automatisch gel\u00f6scht werden. Die zweite Kategorie (Persistant Cookies) werden von verschiedenen Diensten (z.B. Facebook oder Analysendiensten) gesetzt. Sie dienen dazu, eine bereits aufgerufene Website wieder zu erkennen und dadurch beispielsweise die Reichweite der Website zu messen. Online-Marketing w\u00e4re ein weiterer Punkt, welchen wir jedoch nicht nutzen. L\u00e4nger gespeicherte Cookies (Permanent\/Persistant Cookies) werden nach einer bestimmten Zeit gel\u00f6scht. Wie Ihr Rechner mit Cookies umgehen soll (alle akzeptieren, Ausschlussliste, etc.), k\u00f6nnen Sie in den Browser-Einstellungen vornehmen. Damit diese Website korrekt angezeigt wird, empfehlen wir die Aktivierung von Cookies.<\/p>\n<h3>Plugins<\/h3>\n<p>Diese Website enth\u00e4lt Plugins zur Erweiterung, um gewisse Funktionen zu erm\u00f6glichen oder zu vereinfachen, wie zum Beispiel die Bild-Optimierung. Diese Drittanbieter werden nachfolgend aufgef\u00fchrt. Durch Anklicken dieser Links, deren Nutzung und auch vollautomatisch erhalten diese Dienste in unterschiedlicher Weise personenbezogene Daten. Wir erhalten keinerlei Informationen dazu. Wie und f\u00fcr was eventuell gesammelte Personendaten von diesen Diensten genutzt und bearbeitet werden, und auch die Rechte, die Sie an diesen Daten haben, liegt in der Verantwortung des Betreibers, was in dessen Datenschutzbestimmungen, Nutzungsbedingungen und Allgemeinen Gesch\u00e4ftsbedingungen geregelt ist. Nachfolgend finden Sie die Links auf vorliegende Datenschutzerkl\u00e4rungen oder \u00e4hnliches.<\/p>\n<h3>LiteSpeed Cache<\/h3>\n<p>Diese Website verwendet LiteSpeed-Caching, um eine schnellere Antwortzeit und eine bessere Benutzererfahrung zu erm\u00f6glichen. Caching speichert potenziell eine doppelte Kopie jeder Webseite, die auf dieser Website angezeigt wird. Alle Cache-Dateien sind tempor\u00e4r und werden nicht von Dritten eingesehen, es sei denn, dies ist notwendig, um technische Unterst\u00fctzung vom Cache-Plugin-Anbieter zu erhalten. Die Cache-Dateien laufen nach einem vom Website-Administrator festgelegten Zeitplan ab, k\u00f6nnen aber, falls erforderlich, vom Administrator vor ihrem nat\u00fcrlichen Ablaufdatum gel\u00f6scht werden. Wir k\u00f6nnen QUIC.cloud-Dienste nutzen, um Ihre Daten vor\u00fcbergehend zu verarbeiten und zu cachen. <a href=\"https:\/\/quic.cloud\/privacy-policy\/\" target=\"_blank\" rel=\"noopener\">https:\/\/quic.cloud\/privacy-policy\/<\/a> enth\u00e4lt weitere Informationen. <a href=\"https:\/\/www.litespeedtech.com\/company\/privacy-policy\" target=\"_blank\" rel=\"noopener\">https:\/\/www.litespeedtech.com\/company\/privacy-policy<\/a><\/p>\n<h3>Social Media<\/h3>\n<p>Social Media und andere Online-Plattformen sind ausserhalb der Schweiz t\u00e4tig, weshalb \u00fcbermittelte Personendaten auch im Ausland verarbeitet werden. Nachfolgend die Datenschutzerkl\u00e4rungen dieser Dienste:<\/p>\n<p>Instagram\u00a0\u00a0\u00a0\u00a0\u00a0\u00a0\u00a0 <a href=\"https:\/\/help.instagram.com\/519522125107875\" target=\"_blank\" rel=\"noopener\">Datenschutzerkl\u00e4rung (Instagram)<\/a><br \/>\nFacebook\u00a0\u00a0\u00a0\u00a0\u00a0\u00a0\u00a0\u00a0 <a href=\"https:\/\/www.facebook.com\/policy.php\" target=\"_blank\" rel=\"noopener\">Datenschutzerkl\u00e4rung<\/a><br \/>\nGoogle\u00a0\u00a0\u00a0\u00a0\u00a0\u00a0\u00a0\u00a0\u00a0\u00a0\u00a0\u00a0\u00a0 <a href=\"https:\/\/support.google.com\/docs\/answer\/10381817?hl=de\" target=\"_blank\" rel=\"noopener\">Datenschutz in Google Docs, Google Tabellen und Google Pr\u00e4sentationen<\/a><br \/>\nMicrosoft\u00a0\u00a0\u00a0\u00a0\u00a0\u00a0\u00a0\u00a0 <a href=\"https:\/\/www.microsoft.com\/de-de\/microsoft-365\/business\/data-security-privacy-germany\" target=\"_blank\" rel=\"noopener\">Datenschutz und Sicherheit mit Microsoft 365<\/a><\/p>\n<h3>Bild-Optimierung<\/h3>\n<p>Auf dieser Website wird zur Bild-Optimierung das Plugin \u00abOptimus\u00bb genutzt. Mehr zum Datenschutz dieses Unternehmens: <a href=\"https:\/\/www.keycdn.com\/privacy\" target=\"_blank\" rel=\"noopener\">https:\/\/www.keycdn.com\/privacy<\/a><\/p>\n<h3>SEO<\/h3>\n<p>Auf dieser Website wird das\u00a0 Plugin \u00abAll in one SEO\u00bb genutzt. Wie die Hersteller mit Personendaten umgeht, entnehmen Sie bitte folgendem Dokument: <a href=\"https:\/\/aioseo.com\/privacy-policy\/\" target=\"_blank\" rel=\"noopener\">https:\/\/aioseo.com\/privacy-policy\/<\/a><\/p>\n<h3>Analysedienste<\/h3>\n<p>Diese Website nutzt keine Analysedienste.<\/p>\n<h2>Welche Rechte Sie an Ihren Daten haben<\/h2>\n<p>Sie haben das Recht Auskunft zu erhalten, was wir gespeichert haben. Wenn Sie ein Konto auf dieser Website haben oder Kommentare verfasst haben, k\u00f6nnen Sie einen Export Ihrer personenbezogenen Daten bei uns anfordern. Dies inklusive aller Daten, die Sie uns mitgeteilt haben. Zudem k\u00f6nnen Sie die L\u00f6schung aller personenbezogenen Daten, die wir von Ihnen gespeichert haben, anfordern. F\u00fcr administrative, rechtliche oder sicherheitsrelevante Informationen gilt das nicht, da wir diese Daten aufbewahren m\u00fcssen. Wir behalten uns das Recht vor, Sie zu authentifizieren, um Ihnen Ausk\u00fcnfte zu erteilen.<\/p>\n<h2>Schlussbestimmungen<\/h2>\n<p>Wir k\u00f6nnen diese Datenschutzerkl\u00e4rung jederzeit anpassen, erg\u00e4nzen oder \u00e4ndern. Die jeweils aktuelle Version ist auf dieser Website publiziert.<\/p>\n<\/div>\n<p>September 2023<\/p>\n<\/div><\/section>\n\n<style type=\"text\/css\" data-created_by=\"avia_inline_auto\" id=\"style-css-av-uxva-d4d6152d8fcf926189de9164345b1c7a\">\n#top .hr.hr-invisible.av-uxva-d4d6152d8fcf926189de9164345b1c7a{\nheight:500px;\n}\n<\/style>\n<div  class='hr av-uxva-d4d6152d8fcf926189de9164345b1c7a hr-invisible  avia-builder-el-2  el_after_av_textblock  avia-builder-el-last '><span class='hr-inner '><span class=\"hr-inner-style\"><\/span><\/span><\/div>\n","protected":false},"excerpt":{"rendered":"","protected":false},"author":6,"featured_media":0,"parent":0,"menu_order":6,"comment_status":"closed","ping_status":"closed","template":"","meta":{"footnotes":""},"class_list":["post-1030","page","type-page","status-publish","hentry"],"aioseo_notices":[],"_links":{"self":[{"href":"https:\/\/www.antoniabrown.ch\/DE\/wp-json\/wp\/v2\/pages\/1030","targetHints":{"allow":["GET"]}}],"collection":[{"href":"https:\/\/www.antoniabrown.ch\/DE\/wp-json\/wp\/v2\/pages"}],"about":[{"href":"https:\/\/www.antoniabrown.ch\/DE\/wp-json\/wp\/v2\/types\/page"}],"author":[{"embeddable":true,"href":"https:\/\/www.antoniabrown.ch\/DE\/wp-json\/wp\/v2\/users\/6"}],"replies":[{"embeddable":true,"href":"https:\/\/www.antoniabrown.ch\/DE\/wp-json\/wp\/v2\/comments?post=1030"}],"version-history":[{"count":9,"href":"https:\/\/www.antoniabrown.ch\/DE\/wp-json\/wp\/v2\/pages\/1030\/revisions"}],"predecessor-version":[{"id":1164,"href":"https:\/\/www.antoniabrown.ch\/DE\/wp-json\/wp\/v2\/pages\/1030\/revisions\/1164"}],"wp:attachment":[{"href":"https:\/\/www.antoniabrown.ch\/DE\/wp-json\/wp\/v2\/media?parent=1030"}],"curies":[{"name":"wp","href":"https:\/\/api.w.org\/{rel}","templated":true}]}}